{"id":221,"date":"2018-04-19T10:23:33","date_gmt":"2018-04-19T13:23:33","guid":{"rendered":"http:\/\/bridge222.qodeinteractive.com\/?page_id=221"},"modified":"2025-03-24T11:13:08","modified_gmt":"2025-03-24T14:13:08","slug":"sobre-nos","status":"publish","type":"page","link":"https:\/\/burgerchicken.com.br\/index.php\/sobre-nos\/","title":{"rendered":"Sobre n\u00f3s"},"content":{"rendered":"<div class=\"wpb-content-wrapper\"><p>[vc_row css_animation=&#8221;&#8221; row_type=&#8221;row&#8221; use_row_as_full_screen_section=&#8221;no&#8221; type=&#8221;full_width&#8221; angled_section=&#8221;no&#8221; text_align=&#8221;left&#8221; background_image_as_pattern=&#8221;without_pattern&#8221;][vc_column][vc_row_inner row_type=&#8221;row&#8221; type=&#8221;grid&#8221; text_align=&#8221;center&#8221; css_animation=&#8221;&#8221;][vc_column_inner][vc_single_image image=&#8221;931&#8243; img_size=&#8221;full&#8221; css=&#8221;&#8221; qode_css_animation=&#8221;&#8221;][vc_empty_space][\/vc_column_inner][\/vc_row_inner][vc_row_inner row_type=&#8221;row&#8221; type=&#8221;grid&#8221; text_align=&#8221;left&#8221; css_animation=&#8221;&#8221;][vc_column_inner width=&#8221;2\/3&#8243;][vc_column_text]<\/p>\n<h1><strong>Bem-vindo ao Burger Chicken &#8211; Hamburgers Artesanais: O Sabor Aut\u00eantico em Cada Mordida!<\/strong><\/h1>\n<p>Na nossa hamburgueria, a paix\u00e3o pela comida se traduz em cada saboroso hamb\u00farguer que criamos. Desde o momento em que nossos chefs selecionam os melhores ingredientes at\u00e9 a montagem cuidadosa de cada sandu\u00edche, priorizamos a qualidade, o frescor e, acima de tudo, a experi\u00eancia sensorial dos nossos clientes.<\/p>\n<p><strong>Nossa Filosofia<\/strong><\/p>\n<p>Aqui no Burger Chicken &#8211; Hamburgers Artesanais, acreditamos que cada hamb\u00farguer \u00e9 uma obra de arte culin\u00e1ria. Por isso, dedicamos tempo e esfor\u00e7o para garantir que cada mordida seja uma explos\u00e3o de sabores aut\u00eanticos e ingredientes frescos. Valorizamos a qualidade dos nossos produtos, trabalhando com ingredientes locais sempre que poss\u00edvel para apoiar nossa comunidade e oferecer o melhor aos nossos clientes.<\/p>\n<p><strong>O Nosso Compromisso<\/strong><\/p>\n<p>Nossa miss\u00e3o \u00e9 superar as expectativas de todos os amantes de hamb\u00fargueres. Queremos proporcionar n\u00e3o apenas uma refei\u00e7\u00e3o, mas sim uma experi\u00eancia gastron\u00f4mica memor\u00e1vel. Desde os cl\u00e1ssicos mais tradicionais at\u00e9 cria\u00e7\u00f5es exclusivas, cada hamb\u00farguer \u00e9 preparado com dedica\u00e7\u00e3o e cuidado, com o objetivo de satisfazer paladares exigentes e criar momentos \u00fanicos.<\/p>\n<p><strong>Nosso Espa\u00e7o<\/strong><\/p>\n<p>Al\u00e9m dos hamb\u00fargueres excepcionais, nosso ambiente \u00e9 acolhedor e convidativo. Queremos que cada visita ao Burger Chicken &#8211; Hamburgers Artesanais seja uma experi\u00eancia agrad\u00e1vel, um lugar onde amigos e fam\u00edlias se re\u00fanem para desfrutar de \u00f3timas refei\u00e7\u00f5es em um ambiente descontra\u00eddo e amig\u00e1vel.<\/p>\n<p><strong>Explore Nosso Card\u00e1pio<\/strong><\/p>\n<p>Explore nossa variedade de hamb\u00fargueres artesanais, desde cl\u00e1ssicos reconfortantes at\u00e9 op\u00e7\u00f5es inovadoras e vegetarianas. Temos algo para todos os gostos! E n\u00e3o se esque\u00e7a de conferir nossos acompanhamentos e bebidas especiais, cuidadosamente selecionados para complementar a sua refei\u00e7\u00e3o.<\/p>\n<p><strong>Visite-nos<\/strong><\/p>\n<p>Convidamos voc\u00ea a experimentar a diferen\u00e7a em cada mordida no Burger Chicken &#8211; Hamburgers Artesanais. Venha nos visitar na [Localiza\u00e7\u00e3o da Hamburgueria] e mergulhe no mundo dos hamb\u00fargueres artesanais de qualidade excepcional.<\/p>\n<p>Junte-se a n\u00f3s nesta jornada gastron\u00f4mica![\/vc_column_text][vc_empty_space height=&#8221;100px&#8221;][\/vc_column_inner][vc_column_inner width=&#8221;1\/3&#8243;][vc_single_image image=&#8221;933&#8243; img_size=&#8221;full&#8221; alignment=&#8221;center&#8221; css=&#8221;&#8221; qode_css_animation=&#8221;&#8221;][\/vc_column_inner][\/vc_row_inner][\/vc_column][\/vc_row]<\/p>\n<\/div>","protected":false},"excerpt":{"rendered":"<p>[vc_row css_animation=&#8221;&#8221; row_type=&#8221;row&#8221; use_row_as_full_screen_section=&#8221;no&#8221; type=&#8221;full_width&#8221; angled_section=&#8221;no&#8221; text_align=&#8221;left&#8221; background_image_as_pattern=&#8221;without_pattern&#8221;][vc_column][vc_row_inner row_type=&#8221;row&#8221; type=&#8221;grid&#8221; text_align=&#8221;center&#8221; css_animation=&#8221;&#8221;][vc_column_inner][vc_single_image image=&#8221;931&#8243; img_size=&#8221;full&#8221; css=&#8221;&#8221; qode_css_animation=&#8221;&#8221;][vc_empty_space][\/vc_column_inner][\/vc_row_inner][vc_row_inner row_type=&#8221;row&#8221; type=&#8221;grid&#8221; text_align=&#8221;left&#8221; css_animation=&#8221;&#8221;][vc_column_inner width=&#8221;2\/3&#8243;][vc_column_text] Bem-vindo ao Burger Chicken &#8211; Hamburgers Artesanais: O Sabor Aut\u00eantico em Cada Mordida! Na nossa hamburgueria, a paix\u00e3o pela comida se traduz em cada&#8230;<\/p>\n","protected":false},"author":2,"featured_media":0,"parent":0,"menu_order":1,"comment_status":"closed","ping_status":"closed","template":"full_width.php","meta":{"footnotes":""},"class_list":["post-221","page","type-page","status-publish","hentry"],"jetpack_sharing_enabled":true,"_links":{"self":[{"href":"https:\/\/burgerchicken.com.br\/index.php\/wp-json\/wp\/v2\/pages\/221","targetHints":{"allow":["GET"]}}],"collection":[{"href":"https:\/\/burgerchicken.com.br\/index.php\/wp-json\/wp\/v2\/pages"}],"about":[{"href":"https:\/\/burgerchicken.com.br\/index.php\/wp-json\/wp\/v2\/types\/page"}],"author":[{"embeddable":true,"href":"https:\/\/burgerchicken.com.br\/index.php\/wp-json\/wp\/v2\/users\/2"}],"replies":[{"embeddable":true,"href":"https:\/\/burgerchicken.com.br\/index.php\/wp-json\/wp\/v2\/comments?post=221"}],"version-history":[{"count":2,"href":"https:\/\/burgerchicken.com.br\/index.php\/wp-json\/wp\/v2\/pages\/221\/revisions"}],"predecessor-version":[{"id":934,"href":"https:\/\/burgerchicken.com.br\/index.php\/wp-json\/wp\/v2\/pages\/221\/revisions\/934"}],"wp:attachment":[{"href":"https:\/\/burgerchicken.com.br\/index.php\/wp-json\/wp\/v2\/media?parent=221"}],"curies":[{"name":"wp","href":"https:\/\/api.w.org\/{rel}","templated":true}]}}